{"id":11483,"date":"2025-03-06T09:25:44","date_gmt":"2025-03-06T08:25:44","guid":{"rendered":"https:\/\/lima-sprachschule.de\/cookie-richtlinie-2\/"},"modified":"2025-04-30T13:33:49","modified_gmt":"2025-04-30T12:33:49","slug":"cookie-richtlinie-2","status":"publish","type":"page","link":"https:\/\/lima-sprachschule.de\/es\/cookie-richtlinie-2\/","title":{"rendered":"Cookie-Richtlinie"},"content":{"rendered":"\t\t<div data-elementor-type=\"wp-page\" data-elementor-id=\"11483\" class=\"elementor elementor-11483 elementor-5418\">\n\t\t\t\t<div class=\"elementor-element elementor-element-11f3f6f e-flex e-con-boxed e-con e-parent\" data-id=\"11f3f6f\" data-element_type=\"container\" data-e-type=\"container\">\n\t\t\t\t\t<div class=\"e-con-inner\">\n\t\t\t\t<div class=\"elementor-element elementor-element-30983b0 elementor-widget elementor-widget-text-editor\" data-id=\"30983b0\" data-element_type=\"widget\" data-e-type=\"widget\" data-widget_type=\"text-editor.default\">\n\t\t\t\t<div class=\"elementor-widget-container\">\n\t\t\t\t\t\t\t\t\t<p>Esta p\u00e1gina web utiliza Borlabs Cookie, que establece una cookie t\u00e9cnicamente necesaria (borlabs-cookie) para guardar tus configuraciones de cookies. Borlabs Cookie no recopila datos personales.<\/p>\n<p>La cookie borlabs-cookie almacena el consentimiento que diste al ingresar a la p\u00e1gina web. Si deseas revocar estos consentimientos, simplemente elimina la cookie en tu navegador. Si vuelves a visitar\/recargar la p\u00e1gina web, se te volver\u00e1 a preguntar por tu consentimiento de cookies.<\/p>\n<p>Tipos de cookies que utilizamos<\/p>\n<p>Cookies esenciales: Estas cookies son imprescindibles para el correcto funcionamiento de la p\u00e1gina web. Permiten funciones b\u00e1sicas como la navegaci\u00f3n por la p\u00e1gina y el acceso a \u00e1reas seguras de la web. Sin estas cookies, la p\u00e1gina web no funcionar\u00eda correctamente. Borlabs Cookie establece una cookie esencial para guardar tus configuraciones de cookies.<br \/>Cookies de rendimiento: Utilizamos Google Analytics para recopilar informaci\u00f3n sobre c\u00f3mo los usuarios utilizan nuestra p\u00e1gina web. Google Analytics utiliza cookies para recopilar esta informaci\u00f3n de manera an\u00f3nima. La informaci\u00f3n generada por la cookie sobre tu uso de esta p\u00e1gina web (incluida tu direcci\u00f3n IP) se transmite a un servidor de Google en los EE. UU. y se almacena all\u00ed. Google utilizar\u00e1 esta informaci\u00f3n para evaluar tu uso de la p\u00e1gina web, compilar informes sobre la actividad de la p\u00e1gina web para los operadores de la p\u00e1gina y proporcionar otros servicios relacionados con el uso de la p\u00e1gina web y de Internet. Google tambi\u00e9n puede transferir esta informaci\u00f3n a terceros cuando as\u00ed lo requiera la ley o cuando dichos terceros procesen la informaci\u00f3n en nombre de Google. Google no asociar\u00e1 tu direcci\u00f3n IP con otros datos de Google. Puedes desactivar Google Analytics mediante un complemento del navegador si no deseas que se realice el an\u00e1lisis de la p\u00e1gina web. Puedes descargar el complemento del navegador aqu\u00ed: <a href=\"https:\/\/tools.google.com\/dlpage\/gaoptout?hl=es\">https:\/\/tools.google.com\/dlpage\/gaoptout?hl=es<\/a><br \/>Gesti\u00f3n de cookies<\/p>\n<p>Borlabs Cookie te permite aceptar o rechazar diferentes tipos de cookies. Puedes cambiar tus configuraciones de cookies en cualquier momento haciendo clic en el enlace \u00abPol\u00edtica de Cookies\u00bb en el pie de p\u00e1gina de nuestra p\u00e1gina web.<\/p>\n<p>M\u00e1s informaci\u00f3n<\/p>\n<p>Para m\u00e1s informaci\u00f3n sobre c\u00f3mo Borlabs Cookie procesa tus datos, consulta la <a href=\"https:\/\/de.borlabs.io\/kb\/mustertext-fuer-deine-datenschutzerklaerung\/\">pol\u00edtica de privacidad de Borlabs Cookie<\/a>.<\/p>\n<p>Para m\u00e1s informaci\u00f3n sobre c\u00f3mo Google Analytics procesa tus datos, consulta la <a href=\"https:\/\/policies.google.com\/privacy?hl=es\">pol\u00edtica de privacidad de Google<\/a>.<\/p>\n<p>Contacto<\/p>\n<p>Si tienes preguntas sobre nuestra pol\u00edtica de cookies, por favor cont\u00e1ctanos a trav\u00e9s de info@lima-sprachschule.de.<\/p>\n<p>\u00daltima actualizaci\u00f3n: 31 de diciembre de 2024<\/p>\n\t\t\t\t\t\t\t\t<\/div>\n\t\t\t\t<\/div>\n\t\t\t\t\t<\/div>\n\t\t\t\t<\/div>\n\t\t\t\t<\/div>\n\t\t","protected":false},"excerpt":{"rendered":"<p>Esta p\u00e1gina web utiliza Borlabs Cookie, que establece una cookie t\u00e9cnicamente necesaria (borlabs-cookie) para guardar tus configuraciones de cookies. Borlabs Cookie no recopila datos personales&#8230;.<\/p>\n","protected":false},"author":1,"featured_media":0,"parent":0,"menu_order":0,"comment_status":"closed","ping_status":"closed","template":"","meta":{"footnotes":""},"class_list":["post-11483","page","type-page","status-publish","hentry"],"yoast_head":"<!-- This site is optimized with the Yoast SEO plugin v27.2 - https:\/\/yoast.com\/product\/yoast-seo-wordpress\/ -->\n<title>Cookie-Richtlinie - Lima Sprachschule<\/title>\n<meta name=\"robots\" content=\"index, follow, max-snippet:-1, max-image-preview:large, max-video-preview:-1\" \/>\n<link rel=\"canonical\" href=\"https:\/\/lima-sprachschule.de\/es\/cookie-richtlinie-2\/\" \/>\n<meta property=\"og:locale\" content=\"es_ES\" \/>\n<meta property=\"og:type\" content=\"article\" \/>\n<meta property=\"og:title\" content=\"Cookie-Richtlinie - Lima Sprachschule\" \/>\n<meta property=\"og:description\" content=\"Esta p\u00e1gina web utiliza Borlabs Cookie, que establece una cookie t\u00e9cnicamente necesaria (borlabs-cookie) para guardar tus configuraciones de cookies. Borlabs Cookie no recopila datos personales....\" \/>\n<meta property=\"og:url\" content=\"https:\/\/lima-sprachschule.de\/es\/cookie-richtlinie-2\/\" \/>\n<meta property=\"og:site_name\" content=\"Lima Sprachschule\" \/>\n<meta property=\"article:publisher\" content=\"https:\/\/www.facebook.com\/LimaSprachschuleinMuenchen\" \/>\n<meta property=\"article:modified_time\" content=\"2025-04-30T12:33:49+00:00\" \/>\n<meta name=\"twitter:card\" content=\"summary_large_image\" \/>\n<meta name=\"twitter:site\" content=\"@LimaSprachen\" \/>\n<meta name=\"twitter:label1\" content=\"Tiempo de lectura\" \/>\n\t<meta name=\"twitter:data1\" content=\"2 minutos\" \/>\n<script type=\"application\/ld+json\" class=\"yoast-schema-graph\">{\"@context\":\"https:\/\/schema.org\",\"@graph\":[{\"@type\":\"WebPage\",\"@id\":\"https:\/\/lima-sprachschule.de\/es\/cookie-richtlinie-2\/\",\"url\":\"https:\/\/lima-sprachschule.de\/es\/cookie-richtlinie-2\/\",\"name\":\"Cookie-Richtlinie - Lima Sprachschule\",\"isPartOf\":{\"@id\":\"https:\/\/lima-sprachschule.de\/es\/#website\"},\"datePublished\":\"2025-03-06T08:25:44+00:00\",\"dateModified\":\"2025-04-30T12:33:49+00:00\",\"breadcrumb\":{\"@id\":\"https:\/\/lima-sprachschule.de\/es\/cookie-richtlinie-2\/#breadcrumb\"},\"inLanguage\":\"es\",\"potentialAction\":[{\"@type\":\"ReadAction\",\"target\":[\"https:\/\/lima-sprachschule.de\/es\/cookie-richtlinie-2\/\"]}]},{\"@type\":\"BreadcrumbList\",\"@id\":\"https:\/\/lima-sprachschule.de\/es\/cookie-richtlinie-2\/#breadcrumb\",\"itemListElement\":[{\"@type\":\"ListItem\",\"position\":1,\"name\":\"Inicio\",\"item\":\"https:\/\/lima-sprachschule.de\/es\/\"},{\"@type\":\"ListItem\",\"position\":2,\"name\":\"Cookie-Richtlinie\"}]},{\"@type\":\"WebSite\",\"@id\":\"https:\/\/lima-sprachschule.de\/es\/#website\",\"url\":\"https:\/\/lima-sprachschule.de\/es\/\",\"name\":\"Lima Sprachschule\",\"description\":\"\u00a1Aprender idiomas puede ser f\u00e1cil!\",\"publisher\":{\"@id\":\"https:\/\/lima-sprachschule.de\/es\/#organization\"},\"potentialAction\":[{\"@type\":\"SearchAction\",\"target\":{\"@type\":\"EntryPoint\",\"urlTemplate\":\"https:\/\/lima-sprachschule.de\/es\/?s={search_term_string}\"},\"query-input\":{\"@type\":\"PropertyValueSpecification\",\"valueRequired\":true,\"valueName\":\"search_term_string\"}}],\"inLanguage\":\"es\"},{\"@type\":\"Organization\",\"@id\":\"https:\/\/lima-sprachschule.de\/es\/#organization\",\"name\":\"Lima Sprachschule\",\"alternateName\":\"LS\",\"url\":\"https:\/\/lima-sprachschule.de\/es\/\",\"logo\":{\"@type\":\"ImageObject\",\"inLanguage\":\"es\",\"@id\":\"https:\/\/lima-sprachschule.de\/es\/#\/schema\/logo\/image\/\",\"url\":\"https:\/\/lima-sprachschule.de\/wp-content\/uploads\/2025\/02\/logo-color-300px.png\",\"contentUrl\":\"https:\/\/lima-sprachschule.de\/wp-content\/uploads\/2025\/02\/logo-color-300px.png\",\"width\":300,\"height\":234,\"caption\":\"Lima Sprachschule\"},\"image\":{\"@id\":\"https:\/\/lima-sprachschule.de\/es\/#\/schema\/logo\/image\/\"},\"sameAs\":[\"https:\/\/www.facebook.com\/LimaSprachschuleinMuenchen\",\"https:\/\/x.com\/LimaSprachen\",\"https:\/\/www.instagram.com\/limasprachschule\/\",\"https:\/\/www.youtube.com\/channel\/UCGtyhoDdjW70De5B1Urlz2g\",\"https:\/\/t.me\/LimaSprachschuleLS\",\"https:\/\/www.youtube.com\/@limasprachschule8844\"]}]}<\/script>\n<!-- \/ Yoast SEO plugin. -->","yoast_head_json":{"title":"Cookie-Richtlinie - Lima Sprachschule","robots":{"index":"index","follow":"follow","max-snippet":"max-snippet:-1","max-image-preview":"max-image-preview:large","max-video-preview":"max-video-preview:-1"},"canonical":"https:\/\/lima-sprachschule.de\/es\/cookie-richtlinie-2\/","og_locale":"es_ES","og_type":"article","og_title":"Cookie-Richtlinie - Lima Sprachschule","og_description":"Esta p\u00e1gina web utiliza Borlabs Cookie, que establece una cookie t\u00e9cnicamente necesaria (borlabs-cookie) para guardar tus configuraciones de cookies. Borlabs Cookie no recopila datos personales....","og_url":"https:\/\/lima-sprachschule.de\/es\/cookie-richtlinie-2\/","og_site_name":"Lima Sprachschule","article_publisher":"https:\/\/www.facebook.com\/LimaSprachschuleinMuenchen","article_modified_time":"2025-04-30T12:33:49+00:00","twitter_card":"summary_large_image","twitter_site":"@LimaSprachen","twitter_misc":{"Tiempo de lectura":"2 minutos"},"schema":{"@context":"https:\/\/schema.org","@graph":[{"@type":"WebPage","@id":"https:\/\/lima-sprachschule.de\/es\/cookie-richtlinie-2\/","url":"https:\/\/lima-sprachschule.de\/es\/cookie-richtlinie-2\/","name":"Cookie-Richtlinie - Lima Sprachschule","isPartOf":{"@id":"https:\/\/lima-sprachschule.de\/es\/#website"},"datePublished":"2025-03-06T08:25:44+00:00","dateModified":"2025-04-30T12:33:49+00:00","breadcrumb":{"@id":"https:\/\/lima-sprachschule.de\/es\/cookie-richtlinie-2\/#breadcrumb"},"inLanguage":"es","potentialAction":[{"@type":"ReadAction","target":["https:\/\/lima-sprachschule.de\/es\/cookie-richtlinie-2\/"]}]},{"@type":"BreadcrumbList","@id":"https:\/\/lima-sprachschule.de\/es\/cookie-richtlinie-2\/#breadcrumb","itemListElement":[{"@type":"ListItem","position":1,"name":"Inicio","item":"https:\/\/lima-sprachschule.de\/es\/"},{"@type":"ListItem","position":2,"name":"Cookie-Richtlinie"}]},{"@type":"WebSite","@id":"https:\/\/lima-sprachschule.de\/es\/#website","url":"https:\/\/lima-sprachschule.de\/es\/","name":"Lima Sprachschule","description":"\u00a1Aprender idiomas puede ser f\u00e1cil!","publisher":{"@id":"https:\/\/lima-sprachschule.de\/es\/#organization"},"potentialAction":[{"@type":"SearchAction","target":{"@type":"EntryPoint","urlTemplate":"https:\/\/lima-sprachschule.de\/es\/?s={search_term_string}"},"query-input":{"@type":"PropertyValueSpecification","valueRequired":true,"valueName":"search_term_string"}}],"inLanguage":"es"},{"@type":"Organization","@id":"https:\/\/lima-sprachschule.de\/es\/#organization","name":"Lima Sprachschule","alternateName":"LS","url":"https:\/\/lima-sprachschule.de\/es\/","logo":{"@type":"ImageObject","inLanguage":"es","@id":"https:\/\/lima-sprachschule.de\/es\/#\/schema\/logo\/image\/","url":"https:\/\/lima-sprachschule.de\/wp-content\/uploads\/2025\/02\/logo-color-300px.png","contentUrl":"https:\/\/lima-sprachschule.de\/wp-content\/uploads\/2025\/02\/logo-color-300px.png","width":300,"height":234,"caption":"Lima Sprachschule"},"image":{"@id":"https:\/\/lima-sprachschule.de\/es\/#\/schema\/logo\/image\/"},"sameAs":["https:\/\/www.facebook.com\/LimaSprachschuleinMuenchen","https:\/\/x.com\/LimaSprachen","https:\/\/www.instagram.com\/limasprachschule\/","https:\/\/www.youtube.com\/channel\/UCGtyhoDdjW70De5B1Urlz2g","https:\/\/t.me\/LimaSprachschuleLS","https:\/\/www.youtube.com\/@limasprachschule8844"]}]}},"_links":{"self":[{"href":"https:\/\/lima-sprachschule.de\/es\/wp-json\/wp\/v2\/pages\/11483","targetHints":{"allow":["GET"]}}],"collection":[{"href":"https:\/\/lima-sprachschule.de\/es\/wp-json\/wp\/v2\/pages"}],"about":[{"href":"https:\/\/lima-sprachschule.de\/es\/wp-json\/wp\/v2\/types\/page"}],"author":[{"embeddable":true,"href":"https:\/\/lima-sprachschule.de\/es\/wp-json\/wp\/v2\/users\/1"}],"replies":[{"embeddable":true,"href":"https:\/\/lima-sprachschule.de\/es\/wp-json\/wp\/v2\/comments?post=11483"}],"version-history":[{"count":1,"href":"https:\/\/lima-sprachschule.de\/es\/wp-json\/wp\/v2\/pages\/11483\/revisions"}],"predecessor-version":[{"id":11484,"href":"https:\/\/lima-sprachschule.de\/es\/wp-json\/wp\/v2\/pages\/11483\/revisions\/11484"}],"wp:attachment":[{"href":"https:\/\/lima-sprachschule.de\/es\/wp-json\/wp\/v2\/media?parent=11483"}],"curies":[{"name":"wp","href":"https:\/\/api.w.org\/{rel}","templated":true}]}}