{"id":11486,"date":"2025-02-13T21:04:56","date_gmt":"2025-02-13T20:04:56","guid":{"rendered":"https:\/\/lima-sprachschule.de\/datenschutzerklaerung\/"},"modified":"2025-04-30T13:35:11","modified_gmt":"2025-04-30T12:35:11","slug":"datenschutzerklaerung","status":"publish","type":"page","link":"https:\/\/lima-sprachschule.de\/es\/datenschutzerklaerung\/","title":{"rendered":"Datenschutzerkl\u00e4rung"},"content":{"rendered":"\t\t<div data-elementor-type=\"wp-page\" data-elementor-id=\"11486\" class=\"elementor elementor-11486 elementor-3717\">\n\t\t\t\t<div class=\"elementor-element elementor-element-78132f1 e-flex e-con-boxed e-con e-parent\" data-id=\"78132f1\" data-element_type=\"container\" data-e-type=\"container\">\n\t\t\t\t\t<div class=\"e-con-inner\">\n\t\t\t\t<div class=\"elementor-element elementor-element-3bcded8 elementor-widget elementor-widget-text-editor\" data-id=\"3bcded8\" data-element_type=\"widget\" data-e-type=\"widget\" data-widget_type=\"text-editor.default\">\n\t\t\t\t<div class=\"elementor-widget-container\">\n\t\t\t\t\t\t\t\t\t<div id=\"model-response-message-contentr_d3e11f7989c6ab9c\" class=\"markdown markdown-main-panel\" dir=\"ltr\"><p data-sourcepos=\"5:1-5:15\"><strong>1. Pr\u00e4ambel<\/strong><\/p><p data-sourcepos=\"7:1-7:472\">Die Lima Sprachschule, vertreten durch Frank Mielsch, Am Brunnen 11, 85551 Kirchheim bei M\u00fcnchen, E-Mail: info@lima-sprachschule.de (im Folgenden \u00abAnbieter\u00bb oder \u00abwir\u00bb), nimmt den Schutz Ihrer personenbezogenen Daten sehr ernst. Diese Datenschutzerkl\u00e4rung informiert Sie gem\u00e4\u00df der Datenschutz-Grundverordnung (DSGVO) und dem Bundesdatenschutzgesetz (BDSG) \u00fcber Art, Umfang und Zweck der Verarbeitung personenbezogener Daten im Rahmen unserer Angebote und Dienstleistungen.<\/p><p data-sourcepos=\"9:1-9:51\"><strong>2. Verantwortlicher und Datenschutzbeauftragter<\/strong><\/p><p data-sourcepos=\"11:1-11:157\">Verantwortlicher f\u00fcr die Datenverarbeitung ist der Anbieter gem\u00e4\u00df Punkt 1. Ein Datenschutzbeauftragter ist aufgrund der Unternehmensgr\u00f6\u00dfe nicht erforderlich.<\/p><p data-sourcepos=\"13:1-13:56\"><strong>3. Erhebung und Verarbeitung personenbezogener Daten<\/strong><\/p><p data-sourcepos=\"15:1-15:139\">Wir erheben und verarbeiten personenbezogene Daten, soweit dies f\u00fcr die Erbringung unserer Dienstleistungen erforderlich ist. Dazu geh\u00f6ren:<\/p><ul data-sourcepos=\"17:1-21:0\"><li data-sourcepos=\"17:1-17:90\"><strong>Kontaktdaten:<\/strong> Vorname, Nachname, Telefonnummer, E-Mail-Adresse, Postleitzahl, Stadt.<\/li><li data-sourcepos=\"18:1-18:90\"><strong>Vertragsdaten:<\/strong> Zahlungsdaten, Lieferadresse, Rechnungsadresse, Passwort, Nutzername.<\/li><li data-sourcepos=\"19:1-19:122\"><strong>Kommunikationsdaten:<\/strong> Kundendienstdaten, Antworten auf Fragen, Benutzerinhalte, Inhalte von E-Mails oder Nachrichten.<\/li><li data-sourcepos=\"20:1-21:0\"><strong>Nutzungsdaten:<\/strong> Daten \u00fcber Ihre Interaktion mit unserer Website und unseren Diensten, einschlie\u00dflich IP-Adressen und Zugriffsdaten.<\/li><\/ul><p data-sourcepos=\"22:1-22:35\"><strong>4. Zwecke der Datenverarbeitung<\/strong><\/p><p data-sourcepos=\"24:1-24:51\">Die Datenverarbeitung erfolgt zu folgenden Zwecken:<\/p><ul data-sourcepos=\"26:1-31:0\"><li data-sourcepos=\"26:1-26:62\">Erf\u00fcllung von Vertr\u00e4gen und Erbringung von Dienstleistungen.<\/li><li data-sourcepos=\"27:1-27:58\">Kommunikation mit Nutzern und Beantwortung von Anfragen.<\/li><li data-sourcepos=\"28:1-28:53\">Verbesserung unserer Angebote und Dienstleistungen.<\/li><li data-sourcepos=\"29:1-29:42\">Einhaltung gesetzlicher Verpflichtungen.<\/li><li data-sourcepos=\"30:1-31:0\">Wahrung berechtigter Interessen des Anbieters (z.B. zur Betrugspr\u00e4vention).<\/li><\/ul><p data-sourcepos=\"32:1-32:45\"><strong>5. Rechtsgrundlagen der Datenverarbeitung<\/strong><\/p><p data-sourcepos=\"34:1-34:102\">Die Verarbeitung personenbezogener <span class=\"citation-0\">Daten erfolgt auf Grundlage folgender <\/span><span class=\"citation-0 citation-1\">Rechtsgrundlagen:<\/span><\/p><ul data-sourcepos=\"36:1-40:0\"><li data-sourcepos=\"36:1-36:44\"><span class=\"citation-0 citation-1\">Art. 6 Abs. 1 lit. a DSGVO (Einwilligung).<\/span><\/li><li data-sourcepos=\"37:1-37:49\"><span class=\"citation-0 citation-1\">Art. 6 Abs. 1 lit. b DSGVO (Vertragserf\u00fcllung).<\/span><\/li><li data-sourcepos=\"38:1-38:64\"><span class=\"citation-0 citation-1 citation-end-0\">Art. 6 Abs. 1<\/span><span class=\"citation-1\"> lit. c DSGVO (gesetzliche Verpflichtung).<\/span><span class=\"button-container hide-from-message-actions ng-star-inserted\">&nbsp; &nbsp;<\/span><br><div class=\"container ng-tns-c1309634767-50 hide\"><div class=\"carousel-container ng-tns-c1309634767-50\"><div class=\"carousel-content ng-tns-c1309634767-50\"><div class=\"sources-carousel-source ng-tns-c1309634767-50 hide ng-star-inserted\" data-test-id=\"sources-carousel-source\">&nbsp;<\/div><\/div><\/div><\/div><\/li><li data-sourcepos=\"39:1-40:0\"><span class=\"citation-1 citation-end-1\">Art. 6 Abs. 1 lit. f DSGVO (berechtigtes<\/span> Interesse).<span class=\"button-container hide-from-message-actions ng-star-inserted\">&nbsp; &nbsp;<\/span><br><div class=\"container ng-tns-c1309634767-51 hide\"><div class=\"carousel-container ng-tns-c1309634767-51\"><div class=\"carousel-content ng-tns-c1309634767-51\"><div class=\"sources-carousel-source ng-tns-c1309634767-51 hide ng-star-inserted\" data-test-id=\"sources-carousel-source\">&nbsp;<\/div><\/div><\/div><\/div><\/li><\/ul><p data-sourcepos=\"41:1-41:34\"><strong>6. Daten\u00fcbermittlung an Dritte<\/strong><\/p><p data-sourcepos=\"43:1-43:281\">Eine \u00dcbermittlung personenbezogener Daten an Dritte erfolgt nur, soweit dies f\u00fcr die Vertragserf\u00fcllung erforderlich ist oder eine gesetzliche Verpflichtung besteht. Dies kann insbesondere die \u00dcbermittlung an Zahlungsdienstleister, Versandunternehmen oder IT-Dienstleister umfassen.<\/p><p data-sourcepos=\"45:1-45:22\"><strong>7. Datensicherheit<\/strong><\/p><p data-sourcepos=\"47:1-47:156\">Wir <span class=\"citation-2 citation-end-2\">setzen technische und organisatorische Sicherheitsma\u00dfnahmen ein, um Ihre Daten vor unbefugtem Zugriff, Verlust oder Zerst\u00f6rung zu sch\u00fctzen.<\/span><\/p><div class=\"container ng-tns-c1309634767-52 hide\"><div class=\"carousel-container ng-tns-c1309634767-52\"><div class=\"carousel-content ng-tns-c1309634767-52\"><div class=\"sources-carousel-source ng-tns-c1309634767-52 hide ng-star-inserted\" data-test-id=\"sources-carousel-source\">&nbsp;<\/div><\/div><\/div><\/div><p data-sourcepos=\"49:1-49:40\"><strong>8. Ihre Rechte als betroffene Person<\/strong><\/p><p data-sourcepos=\"51:1-51:32\"><span class=\"citation-3\">Sie haben folgende Rechte:<\/span><\/p><ul data-sourcepos=\"53:1-60:0\"><li data-sourcepos=\"53:1-53:43\"><span class=\"citation-3\">Recht auf Auskunft (<\/span><span class=\"citation-3 citation-4\">Art. 15 DSGVO).<\/span><\/li><li data-sourcepos=\"54:1-54:41\"><span class=\"citation-3 citation-4\">Recht auf Berichtigung (Art. 16 DSGVO).<\/span><\/li><li data-sourcepos=\"55:1-55:44\"><span class=\"citation-3 citation-4 citation-end-3\">Recht auf L\u00f6schung (Art. 17 DSGVO).<\/span><span class=\"button-container hide-from-message-actions ng-star-inserted\">&nbsp; &nbsp;<\/span><br><div class=\"container ng-tns-c1309634767-53 hide\"><div class=\"carousel-container ng-tns-c1309634767-53\"><div class=\"carousel-content ng-tns-c1309634767-53\"><div class=\"sources-carousel-source ng-tns-c1309634767-53 hide ng-star-inserted\" data-test-id=\"sources-carousel-source\">&nbsp;<\/div><\/div><\/div><\/div><\/li><li data-sourcepos=\"56:1-56:65\"><span class=\"citation-4\">Recht auf Einschr<\/span><span class=\"citation-4 citation-5\">\u00e4nkung der Verarbeitung (Art. 18 DSGVO).<\/span><\/li><li data-sourcepos=\"57:1-57:56\"><span class=\"citation-4 citation-5 citation-end-4\">Recht auf Daten\u00fcbertragbarkeit (Art. 20 DSGVO).<\/span><span class=\"button-container hide-from-message-actions ng-star-inserted\">&nbsp; &nbsp;<\/span><br><div class=\"container ng-tns-c1309634767-54 hide\"><div class=\"carousel-container ng-tns-c1309634767-54\"><div class=\"carousel-content ng-tns-c1309634767-54\"><div class=\"sources-carousel-source ng-tns-c1309634767-54 hide ng-star-inserted\" data-test-id=\"sources-carousel-source\">&nbsp;<\/div><\/div><\/div><\/div><\/li><li data-sourcepos=\"58:1-58:36\"><span class=\"citation-5\">Widerspruchsrecht (Art. 21 DSGVO).<\/span><\/li><li data-sourcepos=\"59:1-60:0\"><span class=\"citation-5 citation-end-5\">Recht auf Beschwerde bei einer Aufsichtsbeh\u00f6rde.<\/span><span class=\"button-container hide-from-message-actions ng-star-inserted\">&nbsp; &nbsp;<\/span><br><div class=\"container ng-tns-c1309634767-55 hide\"><div class=\"carousel-container ng-tns-c1309634767-55\"><div class=\"carousel-content ng-tns-c1309634767-55\"><div class=\"sources-carousel-source ng-tns-c1309634767-55 hide ng-star-inserted\" data-test-id=\"sources-carousel-source\">&nbsp;<\/div><\/div><\/div><\/div><\/li><\/ul><p data-sourcepos=\"61:1-61:33\"><strong>9. Cookies und Analysedienste<\/strong><\/p><p data-sourcepos=\"63:1-63:167\">Wir verwenden Cookies und Analysedienste, um die Nutzung unserer Website zu analysieren und zu verbessern. Einzelheiten hierzu finden Sie in unserer Cookie-Richtlinie.<\/p><p data-sourcepos=\"65:1-65:49\"><strong>10. <span class=\"citation-6\">\u00c4nderungen der Datenschutzerkl\u00e4rung<\/span><\/strong><\/p><p data-sourcepos=\"67:1-67:151\"><span class=\"citation-6 citation-7 citation-end-6\">Wir behalten uns das Recht vor, diese Datenschutzerkl\u00e4rung anzupassen. Die jeweils<\/span><span class=\"citation-7 citation-end-7\"> aktuelle Version finden Sie auf unserer Website.<\/span><span class=\"button-container hide-from-message-actions ng-star-inserted\">&nbsp; &nbsp;<\/span><\/p><div class=\"container ng-tns-c1309634767-56 hide\"><div class=\"carousel-container ng-tns-c1309634767-56\"><div class=\"carousel-content ng-tns-c1309634767-56\"><div class=\"sources-carousel-source ng-tns-c1309634767-56 hide ng-star-inserted\" data-test-id=\"sources-carousel-source\">&nbsp;<\/div><div class=\"sources-carousel-source ng-tns-c1309634767-56 hide ng-star-inserted\" data-test-id=\"sources-carousel-source\">&nbsp;<\/div><\/div><\/div><\/div><p data-sourcepos=\"69:1-69:22\"><strong>11. Nutzungsrechte<\/strong><\/p><p data-sourcepos=\"71:1-71:372\">Lima Sprachschule erh\u00e4lt hiermit das unbefristete, unwiderrufliche und unentgeltliche Recht, diese Datenschutzerkl\u00e4rung in allen Medien zu nutzen, zu vervielf\u00e4ltigen, zu verbreiten und zu ver\u00e4ndern. Dies schlie\u00dft das Recht ein, die Datenschutzerkl\u00e4rung f\u00fcr interne und externe Zwecke zu verwenden, einschlie\u00dflich der Ver\u00f6ffentlichung auf der Website der Lima Sprachschule.<\/p><\/div>\t\t\t\t\t\t\t\t<\/div>\n\t\t\t\t<\/div>\n\t\t\t\t\t<\/div>\n\t\t\t\t<\/div>\n\t\t\t\t<\/div>\n\t\t","protected":false},"excerpt":{"rendered":"<p>1. Pr\u00e4ambel Die Lima Sprachschule, vertreten durch Frank Mielsch, Am Brunnen 11, 85551 Kirchheim bei M\u00fcnchen, E-Mail: info@lima-sprachschule.de (im Folgenden \u00abAnbieter\u00bb oder \u00abwir\u00bb), nimmt den&#8230;<\/p>\n","protected":false},"author":1,"featured_media":0,"parent":0,"menu_order":0,"comment_status":"closed","ping_status":"closed","template":"","meta":{"footnotes":""},"class_list":["post-11486","page","type-page","status-publish","hentry"],"yoast_head":"<!-- This site is optimized with the Yoast SEO plugin v27.2 - https:\/\/yoast.com\/product\/yoast-seo-wordpress\/ -->\n<title>Datenschutzerkl\u00e4rung - Lima Sprachschule<\/title>\n<meta name=\"robots\" content=\"index, follow, max-snippet:-1, max-image-preview:large, max-video-preview:-1\" \/>\n<link rel=\"canonical\" href=\"https:\/\/lima-sprachschule.de\/es\/datenschutzerklaerung\/\" \/>\n<meta property=\"og:locale\" content=\"es_ES\" \/>\n<meta property=\"og:type\" content=\"article\" \/>\n<meta property=\"og:title\" content=\"Datenschutzerkl\u00e4rung - Lima Sprachschule\" \/>\n<meta property=\"og:description\" content=\"1. Pr\u00e4ambel Die Lima Sprachschule, vertreten durch Frank Mielsch, Am Brunnen 11, 85551 Kirchheim bei M\u00fcnchen, E-Mail: info@lima-sprachschule.de (im Folgenden \u00abAnbieter\u00bb oder \u00abwir\u00bb), nimmt den...\" \/>\n<meta property=\"og:url\" content=\"https:\/\/lima-sprachschule.de\/es\/datenschutzerklaerung\/\" \/>\n<meta property=\"og:site_name\" content=\"Lima Sprachschule\" \/>\n<meta property=\"article:publisher\" content=\"https:\/\/www.facebook.com\/LimaSprachschuleinMuenchen\" \/>\n<meta property=\"article:modified_time\" content=\"2025-04-30T12:35:11+00:00\" \/>\n<meta name=\"twitter:card\" content=\"summary_large_image\" \/>\n<meta name=\"twitter:site\" content=\"@LimaSprachen\" \/>\n<meta name=\"twitter:label1\" content=\"Tiempo de lectura\" \/>\n\t<meta name=\"twitter:data1\" content=\"2 minutos\" \/>\n<script type=\"application\/ld+json\" class=\"yoast-schema-graph\">{\"@context\":\"https:\/\/schema.org\",\"@graph\":[{\"@type\":\"WebPage\",\"@id\":\"https:\/\/lima-sprachschule.de\/es\/datenschutzerklaerung\/\",\"url\":\"https:\/\/lima-sprachschule.de\/es\/datenschutzerklaerung\/\",\"name\":\"Datenschutzerkl\u00e4rung - Lima Sprachschule\",\"isPartOf\":{\"@id\":\"https:\/\/lima-sprachschule.de\/es\/#website\"},\"datePublished\":\"2025-02-13T20:04:56+00:00\",\"dateModified\":\"2025-04-30T12:35:11+00:00\",\"breadcrumb\":{\"@id\":\"https:\/\/lima-sprachschule.de\/es\/datenschutzerklaerung\/#breadcrumb\"},\"inLanguage\":\"es\",\"potentialAction\":[{\"@type\":\"ReadAction\",\"target\":[\"https:\/\/lima-sprachschule.de\/es\/datenschutzerklaerung\/\"]}]},{\"@type\":\"BreadcrumbList\",\"@id\":\"https:\/\/lima-sprachschule.de\/es\/datenschutzerklaerung\/#breadcrumb\",\"itemListElement\":[{\"@type\":\"ListItem\",\"position\":1,\"name\":\"Inicio\",\"item\":\"https:\/\/lima-sprachschule.de\/es\/\"},{\"@type\":\"ListItem\",\"position\":2,\"name\":\"Datenschutzerkl\u00e4rung\"}]},{\"@type\":\"WebSite\",\"@id\":\"https:\/\/lima-sprachschule.de\/es\/#website\",\"url\":\"https:\/\/lima-sprachschule.de\/es\/\",\"name\":\"Lima Sprachschule\",\"description\":\"\u00a1Aprender idiomas puede ser f\u00e1cil!\",\"publisher\":{\"@id\":\"https:\/\/lima-sprachschule.de\/es\/#organization\"},\"potentialAction\":[{\"@type\":\"SearchAction\",\"target\":{\"@type\":\"EntryPoint\",\"urlTemplate\":\"https:\/\/lima-sprachschule.de\/es\/?s={search_term_string}\"},\"query-input\":{\"@type\":\"PropertyValueSpecification\",\"valueRequired\":true,\"valueName\":\"search_term_string\"}}],\"inLanguage\":\"es\"},{\"@type\":\"Organization\",\"@id\":\"https:\/\/lima-sprachschule.de\/es\/#organization\",\"name\":\"Lima Sprachschule\",\"alternateName\":\"LS\",\"url\":\"https:\/\/lima-sprachschule.de\/es\/\",\"logo\":{\"@type\":\"ImageObject\",\"inLanguage\":\"es\",\"@id\":\"https:\/\/lima-sprachschule.de\/es\/#\/schema\/logo\/image\/\",\"url\":\"https:\/\/lima-sprachschule.de\/wp-content\/uploads\/2025\/02\/logo-color-300px.png\",\"contentUrl\":\"https:\/\/lima-sprachschule.de\/wp-content\/uploads\/2025\/02\/logo-color-300px.png\",\"width\":300,\"height\":234,\"caption\":\"Lima Sprachschule\"},\"image\":{\"@id\":\"https:\/\/lima-sprachschule.de\/es\/#\/schema\/logo\/image\/\"},\"sameAs\":[\"https:\/\/www.facebook.com\/LimaSprachschuleinMuenchen\",\"https:\/\/x.com\/LimaSprachen\",\"https:\/\/www.instagram.com\/limasprachschule\/\",\"https:\/\/www.youtube.com\/channel\/UCGtyhoDdjW70De5B1Urlz2g\",\"https:\/\/t.me\/LimaSprachschuleLS\",\"https:\/\/www.youtube.com\/@limasprachschule8844\"]}]}<\/script>\n<!-- \/ Yoast SEO plugin. -->","yoast_head_json":{"title":"Datenschutzerkl\u00e4rung - Lima Sprachschule","robots":{"index":"index","follow":"follow","max-snippet":"max-snippet:-1","max-image-preview":"max-image-preview:large","max-video-preview":"max-video-preview:-1"},"canonical":"https:\/\/lima-sprachschule.de\/es\/datenschutzerklaerung\/","og_locale":"es_ES","og_type":"article","og_title":"Datenschutzerkl\u00e4rung - Lima Sprachschule","og_description":"1. Pr\u00e4ambel Die Lima Sprachschule, vertreten durch Frank Mielsch, Am Brunnen 11, 85551 Kirchheim bei M\u00fcnchen, E-Mail: info@lima-sprachschule.de (im Folgenden \u00abAnbieter\u00bb oder \u00abwir\u00bb), nimmt den...","og_url":"https:\/\/lima-sprachschule.de\/es\/datenschutzerklaerung\/","og_site_name":"Lima Sprachschule","article_publisher":"https:\/\/www.facebook.com\/LimaSprachschuleinMuenchen","article_modified_time":"2025-04-30T12:35:11+00:00","twitter_card":"summary_large_image","twitter_site":"@LimaSprachen","twitter_misc":{"Tiempo de lectura":"2 minutos"},"schema":{"@context":"https:\/\/schema.org","@graph":[{"@type":"WebPage","@id":"https:\/\/lima-sprachschule.de\/es\/datenschutzerklaerung\/","url":"https:\/\/lima-sprachschule.de\/es\/datenschutzerklaerung\/","name":"Datenschutzerkl\u00e4rung - Lima Sprachschule","isPartOf":{"@id":"https:\/\/lima-sprachschule.de\/es\/#website"},"datePublished":"2025-02-13T20:04:56+00:00","dateModified":"2025-04-30T12:35:11+00:00","breadcrumb":{"@id":"https:\/\/lima-sprachschule.de\/es\/datenschutzerklaerung\/#breadcrumb"},"inLanguage":"es","potentialAction":[{"@type":"ReadAction","target":["https:\/\/lima-sprachschule.de\/es\/datenschutzerklaerung\/"]}]},{"@type":"BreadcrumbList","@id":"https:\/\/lima-sprachschule.de\/es\/datenschutzerklaerung\/#breadcrumb","itemListElement":[{"@type":"ListItem","position":1,"name":"Inicio","item":"https:\/\/lima-sprachschule.de\/es\/"},{"@type":"ListItem","position":2,"name":"Datenschutzerkl\u00e4rung"}]},{"@type":"WebSite","@id":"https:\/\/lima-sprachschule.de\/es\/#website","url":"https:\/\/lima-sprachschule.de\/es\/","name":"Lima Sprachschule","description":"\u00a1Aprender idiomas puede ser f\u00e1cil!","publisher":{"@id":"https:\/\/lima-sprachschule.de\/es\/#organization"},"potentialAction":[{"@type":"SearchAction","target":{"@type":"EntryPoint","urlTemplate":"https:\/\/lima-sprachschule.de\/es\/?s={search_term_string}"},"query-input":{"@type":"PropertyValueSpecification","valueRequired":true,"valueName":"search_term_string"}}],"inLanguage":"es"},{"@type":"Organization","@id":"https:\/\/lima-sprachschule.de\/es\/#organization","name":"Lima Sprachschule","alternateName":"LS","url":"https:\/\/lima-sprachschule.de\/es\/","logo":{"@type":"ImageObject","inLanguage":"es","@id":"https:\/\/lima-sprachschule.de\/es\/#\/schema\/logo\/image\/","url":"https:\/\/lima-sprachschule.de\/wp-content\/uploads\/2025\/02\/logo-color-300px.png","contentUrl":"https:\/\/lima-sprachschule.de\/wp-content\/uploads\/2025\/02\/logo-color-300px.png","width":300,"height":234,"caption":"Lima Sprachschule"},"image":{"@id":"https:\/\/lima-sprachschule.de\/es\/#\/schema\/logo\/image\/"},"sameAs":["https:\/\/www.facebook.com\/LimaSprachschuleinMuenchen","https:\/\/x.com\/LimaSprachen","https:\/\/www.instagram.com\/limasprachschule\/","https:\/\/www.youtube.com\/channel\/UCGtyhoDdjW70De5B1Urlz2g","https:\/\/t.me\/LimaSprachschuleLS","https:\/\/www.youtube.com\/@limasprachschule8844"]}]}},"_links":{"self":[{"href":"https:\/\/lima-sprachschule.de\/es\/wp-json\/wp\/v2\/pages\/11486","targetHints":{"allow":["GET"]}}],"collection":[{"href":"https:\/\/lima-sprachschule.de\/es\/wp-json\/wp\/v2\/pages"}],"about":[{"href":"https:\/\/lima-sprachschule.de\/es\/wp-json\/wp\/v2\/types\/page"}],"author":[{"embeddable":true,"href":"https:\/\/lima-sprachschule.de\/es\/wp-json\/wp\/v2\/users\/1"}],"replies":[{"embeddable":true,"href":"https:\/\/lima-sprachschule.de\/es\/wp-json\/wp\/v2\/comments?post=11486"}],"version-history":[{"count":1,"href":"https:\/\/lima-sprachschule.de\/es\/wp-json\/wp\/v2\/pages\/11486\/revisions"}],"predecessor-version":[{"id":11488,"href":"https:\/\/lima-sprachschule.de\/es\/wp-json\/wp\/v2\/pages\/11486\/revisions\/11488"}],"wp:attachment":[{"href":"https:\/\/lima-sprachschule.de\/es\/wp-json\/wp\/v2\/media?parent=11486"}],"curies":[{"name":"wp","href":"https:\/\/api.w.org\/{rel}","templated":true}]}}