{"id":6817,"date":"2025-02-06T12:05:02","date_gmt":"2025-02-06T11:05:02","guid":{"rendered":"https:\/\/lima-sprachschule.de\/dev\/revocacion\/"},"modified":"2025-04-30T10:19:01","modified_gmt":"2025-04-30T09:19:01","slug":"widerruf-lima-sprachschule","status":"publish","type":"page","link":"https:\/\/lima-sprachschule.de\/es\/widerruf-lima-sprachschule\/","title":{"rendered":"Widerruf"},"content":{"rendered":"\t\t<div data-elementor-type=\"wp-page\" data-elementor-id=\"6817\" class=\"elementor elementor-6817 elementor-3202\">\n\t\t\t\t<div class=\"elementor-element elementor-element-50cd8c29 e-flex e-con-boxed e-con e-parent\" data-id=\"50cd8c29\" data-element_type=\"container\" data-e-type=\"container\">\n\t\t\t\t\t<div class=\"e-con-inner\">\n\t\t\t\t<div class=\"elementor-element elementor-element-3efe6d20 elementor-widget elementor-widget-text-editor\" data-id=\"3efe6d20\" data-element_type=\"widget\" data-e-type=\"widget\" data-widget_type=\"text-editor.default\">\n\t\t\t\t<div class=\"elementor-widget-container\">\n\t\t\t\t\t\t\t\t\t<p><strong>Derecho de Cancelaci\u00f3n<\/strong><\/p>\n<p><strong>Widerrufsrecht<\/strong><\/p>\n<p>Tienes el derecho de cancelar este contrato dentro de las 24 horas sin necesidad de dar una raz\u00f3n.<\/p>\n<p>El plazo de cancelaci\u00f3n es de 24 horas a partir del d\u00eda de la firma del contrato.<\/p>\n<p>Para ejercer tu derecho de cancelaci\u00f3n, debes informarnos (Lima Sprachschule, Frank Mielsch, Am Brunnen 11, 85551 Kirchheim bei M\u00fcnchen,\u00a0<a class=\"fui-Link ___w5et180 f2hkw1w f3rmtva f1ewtqcl fyind8e f1k6fduh f1w7gpdv f1mo0ibp fjoy568 ff5ikls f1s184ao f1mk8lai fnbmjn9 f1o700av f13mvf36 f1cmlufx f9n3di6 f1ids18y f1tx3yz7 f1deo86v f1eh06m1 f1iescvh fhgqx19 f1olyrje f1p93eir f1nev41a\" tabindex=\"0\" href=\"mailto:info@lima-sprachschule.de\" target=\"_blank\" rel=\"noopener\" data-tabster=\"{&quot;restorer&quot;:{&quot;type&quot;:1}}\">info@lima-sprachschule.de<\/a>) mediante una declaraci\u00f3n clara (por ejemplo, una carta enviada por correo postal o correo electr\u00f3nico) sobre tu decisi\u00f3n de cancelar este contrato. Puedes usar el formulario de cancelaci\u00f3n adjunto, aunque no es obligatorio.<\/p>\n<p><strong>Particularidades de los cursos de idiomas:<\/strong><\/p>\n<ol>\n<li><strong>Cancelaci\u00f3n dentro de las 24 horas:<\/strong>\u00a0La cancelaci\u00f3n del contrato es posible dentro de las 24 horas posteriores a la compra del curso. En este caso, se devolver\u00e1 el importe total.<\/li>\n<li><strong>Anulaciones solo en d\u00edas laborables:<\/strong>\u00a0Las anulaciones solo pueden realizarse de lunes a viernes. No se permiten anulaciones los fines de semana ni d\u00edas festivos.<\/li>\n<\/ol>\n<p><strong>Consecuencias de la Cancelaci\u00f3n<\/strong><\/p>\n<p>Si cancelas este contrato dentro del plazo de cancelaci\u00f3n, te devolveremos todos los pagos que hayamos recibido de ti sin demora y, en cualquier caso, a m\u00e1s tardar catorce d\u00edas a partir del d\u00eda en que recibamos la notificaci\u00f3n de tu cancelaci\u00f3n de este contrato. Para esta devoluci\u00f3n, utilizaremos el mismo medio de pago que utilizaste en la transacci\u00f3n original, a menos que se haya acordado expresamente algo diferente contigo; en ning\u00fan caso se te cobrar\u00e1n tarifas por esta devoluci\u00f3n.<\/p>\n<p><strong>Formulario de Cancelaci\u00f3n<\/strong><\/p>\n<p>(Si deseas cancelar el contrato, por favor completa este formulario y env\u00edalo de vuelta.)<\/p>\n<p>\u2013 A: Lima Sprachschule, Frank Mielsch, Am Brunnen 11, 85551 Kirchheim bei M\u00fcnchen,\u00a0<a class=\"fui-Link ___w5et180 f2hkw1w f3rmtva f1ewtqcl fyind8e f1k6fduh f1w7gpdv f1mo0ibp fjoy568 ff5ikls f1s184ao f1mk8lai fnbmjn9 f1o700av f13mvf36 f1cmlufx f9n3di6 f1ids18y f1tx3yz7 f1deo86v f1eh06m1 f1iescvh fhgqx19 f1olyrje f1p93eir f1nev41a\" tabindex=\"0\" href=\"mailto:info@lima-sprachschule.de\" target=\"_blank\" rel=\"noopener\" data-tabster=\"{&quot;restorer&quot;:{&quot;type&quot;:1}}\">info@lima-sprachschule.de<\/a><\/p>\n<p>\u2013 Por la presente, yo\/nosotros () cancelamos el contrato firmado por m\u00ed\/nosotros () para la prestaci\u00f3n del siguiente servicio (*)<\/p>\n<p>\u2013 Pedido el ()<\/p>\n<p>\u2013 Nombre del\/de los cliente(es)<\/p>\n<p>\u2013 Direcci\u00f3n del\/de los cliente(es)<\/p>\n<p>\u2013 Firma del\/de los cliente(es) (solo si se notifica en papel)<\/p>\n<p>\u2013 Fecha<\/p>\n<ul>\n<li>Tachar lo que no corresponda.<\/li>\n<\/ul>\n<p><strong>Exclusi\u00f3n del Derecho de Cancelaci\u00f3n<\/strong><\/p>\n<p>El derecho de cancelaci\u00f3n no aplica para contratos de prestaci\u00f3n de servicios relacionados con actividades de ocio, si el contrato prev\u00e9 una fecha o per\u00edodo espec\u00edfico para la prestaci\u00f3n.<\/p>\n<!-- \/wp:paragraph -->\t\t\t\t\t\t\t\t<\/div>\n\t\t\t\t<\/div>\n\t\t\t\t\t<\/div>\n\t\t\t\t<\/div>\n\t\t\t\t<\/div>\n\t\t","protected":false},"excerpt":{"rendered":"<p>Derecho de Cancelaci\u00f3n Widerrufsrecht Tienes el derecho de cancelar este contrato dentro de las 24 horas sin necesidad de dar una raz\u00f3n. El plazo de&#8230;<\/p>\n","protected":false},"author":1,"featured_media":0,"parent":0,"menu_order":0,"comment_status":"closed","ping_status":"closed","template":"","meta":{"footnotes":""},"class_list":["post-6817","page","type-page","status-publish","hentry"],"yoast_head":"<!-- This site is optimized with the Yoast SEO plugin v27.2 - https:\/\/yoast.com\/product\/yoast-seo-wordpress\/ -->\n<title>Widerruf - Lima Sprachschule<\/title>\n<meta name=\"robots\" content=\"index, follow, max-snippet:-1, max-image-preview:large, max-video-preview:-1\" \/>\n<link rel=\"canonical\" href=\"https:\/\/lima-sprachschule.de\/es\/widerruf-lima-sprachschule\/\" \/>\n<meta property=\"og:locale\" content=\"es_ES\" \/>\n<meta property=\"og:type\" content=\"article\" \/>\n<meta property=\"og:title\" content=\"Widerruf - Lima Sprachschule\" \/>\n<meta property=\"og:description\" content=\"Derecho de Cancelaci\u00f3n Widerrufsrecht Tienes el derecho de cancelar este contrato dentro de las 24 horas sin necesidad de dar una raz\u00f3n. El plazo de...\" \/>\n<meta property=\"og:url\" content=\"https:\/\/lima-sprachschule.de\/es\/widerruf-lima-sprachschule\/\" \/>\n<meta property=\"og:site_name\" content=\"Lima Sprachschule\" \/>\n<meta property=\"article:publisher\" content=\"https:\/\/www.facebook.com\/LimaSprachschuleinMuenchen\" \/>\n<meta property=\"article:modified_time\" content=\"2025-04-30T09:19:01+00:00\" \/>\n<meta name=\"twitter:card\" content=\"summary_large_image\" \/>\n<meta name=\"twitter:site\" content=\"@LimaSprachen\" \/>\n<meta name=\"twitter:label1\" content=\"Tiempo de lectura\" \/>\n\t<meta name=\"twitter:data1\" content=\"2 minutos\" \/>\n<script type=\"application\/ld+json\" class=\"yoast-schema-graph\">{\"@context\":\"https:\/\/schema.org\",\"@graph\":[{\"@type\":\"WebPage\",\"@id\":\"https:\/\/lima-sprachschule.de\/es\/widerruf-lima-sprachschule\/\",\"url\":\"https:\/\/lima-sprachschule.de\/es\/widerruf-lima-sprachschule\/\",\"name\":\"Widerruf - Lima Sprachschule\",\"isPartOf\":{\"@id\":\"https:\/\/lima-sprachschule.de\/es\/#website\"},\"datePublished\":\"2025-02-06T11:05:02+00:00\",\"dateModified\":\"2025-04-30T09:19:01+00:00\",\"breadcrumb\":{\"@id\":\"https:\/\/lima-sprachschule.de\/es\/widerruf-lima-sprachschule\/#breadcrumb\"},\"inLanguage\":\"es\",\"potentialAction\":[{\"@type\":\"ReadAction\",\"target\":[\"https:\/\/lima-sprachschule.de\/es\/widerruf-lima-sprachschule\/\"]}]},{\"@type\":\"BreadcrumbList\",\"@id\":\"https:\/\/lima-sprachschule.de\/es\/widerruf-lima-sprachschule\/#breadcrumb\",\"itemListElement\":[{\"@type\":\"ListItem\",\"position\":1,\"name\":\"Inicio\",\"item\":\"https:\/\/lima-sprachschule.de\/es\/\"},{\"@type\":\"ListItem\",\"position\":2,\"name\":\"Widerruf\"}]},{\"@type\":\"WebSite\",\"@id\":\"https:\/\/lima-sprachschule.de\/es\/#website\",\"url\":\"https:\/\/lima-sprachschule.de\/es\/\",\"name\":\"Lima Sprachschule\",\"description\":\"\u00a1Aprender idiomas puede ser f\u00e1cil!\",\"publisher\":{\"@id\":\"https:\/\/lima-sprachschule.de\/es\/#organization\"},\"potentialAction\":[{\"@type\":\"SearchAction\",\"target\":{\"@type\":\"EntryPoint\",\"urlTemplate\":\"https:\/\/lima-sprachschule.de\/es\/?s={search_term_string}\"},\"query-input\":{\"@type\":\"PropertyValueSpecification\",\"valueRequired\":true,\"valueName\":\"search_term_string\"}}],\"inLanguage\":\"es\"},{\"@type\":\"Organization\",\"@id\":\"https:\/\/lima-sprachschule.de\/es\/#organization\",\"name\":\"Lima Sprachschule\",\"alternateName\":\"LS\",\"url\":\"https:\/\/lima-sprachschule.de\/es\/\",\"logo\":{\"@type\":\"ImageObject\",\"inLanguage\":\"es\",\"@id\":\"https:\/\/lima-sprachschule.de\/es\/#\/schema\/logo\/image\/\",\"url\":\"https:\/\/lima-sprachschule.de\/wp-content\/uploads\/2025\/02\/logo-color-300px.png\",\"contentUrl\":\"https:\/\/lima-sprachschule.de\/wp-content\/uploads\/2025\/02\/logo-color-300px.png\",\"width\":300,\"height\":234,\"caption\":\"Lima Sprachschule\"},\"image\":{\"@id\":\"https:\/\/lima-sprachschule.de\/es\/#\/schema\/logo\/image\/\"},\"sameAs\":[\"https:\/\/www.facebook.com\/LimaSprachschuleinMuenchen\",\"https:\/\/x.com\/LimaSprachen\",\"https:\/\/www.instagram.com\/limasprachschule\/\",\"https:\/\/www.youtube.com\/channel\/UCGtyhoDdjW70De5B1Urlz2g\",\"https:\/\/t.me\/LimaSprachschuleLS\",\"https:\/\/www.youtube.com\/@limasprachschule8844\"]}]}<\/script>\n<!-- \/ Yoast SEO plugin. -->","yoast_head_json":{"title":"Widerruf - Lima Sprachschule","robots":{"index":"index","follow":"follow","max-snippet":"max-snippet:-1","max-image-preview":"max-image-preview:large","max-video-preview":"max-video-preview:-1"},"canonical":"https:\/\/lima-sprachschule.de\/es\/widerruf-lima-sprachschule\/","og_locale":"es_ES","og_type":"article","og_title":"Widerruf - Lima Sprachschule","og_description":"Derecho de Cancelaci\u00f3n Widerrufsrecht Tienes el derecho de cancelar este contrato dentro de las 24 horas sin necesidad de dar una raz\u00f3n. El plazo de...","og_url":"https:\/\/lima-sprachschule.de\/es\/widerruf-lima-sprachschule\/","og_site_name":"Lima Sprachschule","article_publisher":"https:\/\/www.facebook.com\/LimaSprachschuleinMuenchen","article_modified_time":"2025-04-30T09:19:01+00:00","twitter_card":"summary_large_image","twitter_site":"@LimaSprachen","twitter_misc":{"Tiempo de lectura":"2 minutos"},"schema":{"@context":"https:\/\/schema.org","@graph":[{"@type":"WebPage","@id":"https:\/\/lima-sprachschule.de\/es\/widerruf-lima-sprachschule\/","url":"https:\/\/lima-sprachschule.de\/es\/widerruf-lima-sprachschule\/","name":"Widerruf - Lima Sprachschule","isPartOf":{"@id":"https:\/\/lima-sprachschule.de\/es\/#website"},"datePublished":"2025-02-06T11:05:02+00:00","dateModified":"2025-04-30T09:19:01+00:00","breadcrumb":{"@id":"https:\/\/lima-sprachschule.de\/es\/widerruf-lima-sprachschule\/#breadcrumb"},"inLanguage":"es","potentialAction":[{"@type":"ReadAction","target":["https:\/\/lima-sprachschule.de\/es\/widerruf-lima-sprachschule\/"]}]},{"@type":"BreadcrumbList","@id":"https:\/\/lima-sprachschule.de\/es\/widerruf-lima-sprachschule\/#breadcrumb","itemListElement":[{"@type":"ListItem","position":1,"name":"Inicio","item":"https:\/\/lima-sprachschule.de\/es\/"},{"@type":"ListItem","position":2,"name":"Widerruf"}]},{"@type":"WebSite","@id":"https:\/\/lima-sprachschule.de\/es\/#website","url":"https:\/\/lima-sprachschule.de\/es\/","name":"Lima Sprachschule","description":"\u00a1Aprender idiomas puede ser f\u00e1cil!","publisher":{"@id":"https:\/\/lima-sprachschule.de\/es\/#organization"},"potentialAction":[{"@type":"SearchAction","target":{"@type":"EntryPoint","urlTemplate":"https:\/\/lima-sprachschule.de\/es\/?s={search_term_string}"},"query-input":{"@type":"PropertyValueSpecification","valueRequired":true,"valueName":"search_term_string"}}],"inLanguage":"es"},{"@type":"Organization","@id":"https:\/\/lima-sprachschule.de\/es\/#organization","name":"Lima Sprachschule","alternateName":"LS","url":"https:\/\/lima-sprachschule.de\/es\/","logo":{"@type":"ImageObject","inLanguage":"es","@id":"https:\/\/lima-sprachschule.de\/es\/#\/schema\/logo\/image\/","url":"https:\/\/lima-sprachschule.de\/wp-content\/uploads\/2025\/02\/logo-color-300px.png","contentUrl":"https:\/\/lima-sprachschule.de\/wp-content\/uploads\/2025\/02\/logo-color-300px.png","width":300,"height":234,"caption":"Lima Sprachschule"},"image":{"@id":"https:\/\/lima-sprachschule.de\/es\/#\/schema\/logo\/image\/"},"sameAs":["https:\/\/www.facebook.com\/LimaSprachschuleinMuenchen","https:\/\/x.com\/LimaSprachen","https:\/\/www.instagram.com\/limasprachschule\/","https:\/\/www.youtube.com\/channel\/UCGtyhoDdjW70De5B1Urlz2g","https:\/\/t.me\/LimaSprachschuleLS","https:\/\/www.youtube.com\/@limasprachschule8844"]}]}},"_links":{"self":[{"href":"https:\/\/lima-sprachschule.de\/es\/wp-json\/wp\/v2\/pages\/6817","targetHints":{"allow":["GET"]}}],"collection":[{"href":"https:\/\/lima-sprachschule.de\/es\/wp-json\/wp\/v2\/pages"}],"about":[{"href":"https:\/\/lima-sprachschule.de\/es\/wp-json\/wp\/v2\/types\/page"}],"author":[{"embeddable":true,"href":"https:\/\/lima-sprachschule.de\/es\/wp-json\/wp\/v2\/users\/1"}],"replies":[{"embeddable":true,"href":"https:\/\/lima-sprachschule.de\/es\/wp-json\/wp\/v2\/comments?post=6817"}],"version-history":[{"count":5,"href":"https:\/\/lima-sprachschule.de\/es\/wp-json\/wp\/v2\/pages\/6817\/revisions"}],"predecessor-version":[{"id":11424,"href":"https:\/\/lima-sprachschule.de\/es\/wp-json\/wp\/v2\/pages\/6817\/revisions\/11424"}],"wp:attachment":[{"href":"https:\/\/lima-sprachschule.de\/es\/wp-json\/wp\/v2\/media?parent=6817"}],"curies":[{"name":"wp","href":"https:\/\/api.w.org\/{rel}","templated":true}]}}