{"id":6821,"date":"2025-02-06T12:05:02","date_gmt":"2025-02-06T11:05:02","guid":{"rendered":"https:\/\/lima-sprachschule.de\/dev\/pie-de-imprenta\/"},"modified":"2025-03-06T23:37:18","modified_gmt":"2025-03-06T22:37:18","slug":"impressum-lima-sprachschule","status":"publish","type":"page","link":"https:\/\/lima-sprachschule.de\/es\/impressum-lima-sprachschule\/","title":{"rendered":"Impressum"},"content":{"rendered":"<p data-sourcepos=\"3:1-3:13\"><strong>Impressum<\/strong><\/p>\n<p data-sourcepos=\"5:1-5:21\"><strong>Lima Sprachschule<\/strong><\/p>\n<p data-sourcepos=\"7:1-7:26\"><strong>Inhaber:<\/strong> Frank Mielsch<\/p>\n<p data-sourcepos=\"9:1-11:27\"><strong>Anschrift:<\/strong> Am Brunnen 11 85551 Kirchheim bei M\u00fcnchen<\/p>\n<p data-sourcepos=\"13:1-13:12\"><strong>Kontakt:<\/strong><\/p>\n<p data-sourcepos=\"15:1-16:33\">Telefon: +49 1590 1954130 E-Mail: info@lima-sprachschule.de<\/p>\n<p data-sourcepos=\"18:1-18:51\"><strong>Umsatzsteuer-Identifikationsnummer (USt-IdNr.):<\/strong><\/p>\n<p data-sourcepos=\"20:1-20:52\">145\/211\/01459<\/p>\n<p data-sourcepos=\"22:1-22:57\"><strong>Verantwortlich f\u00fcr den Inhalt gem\u00e4\u00df \u00a7 55 Abs. 2 RStV:<\/strong><\/p>\n<p data-sourcepos=\"24:1-26:27\">Frank Mielsch Am Brunnen 11 85551 Kirchheim bei M\u00fcnchen<\/p>\n<p data-sourcepos=\"28:1-28:27\"><strong>Online-Streitbeilegung:<\/strong><\/p>\n<p data-sourcepos=\"30:1-30:248\">Plattform der EU-Kommission zur Online-Streitbeilegung: <a href=\"https:\/\/www.google.com\/url?sa=E&amp;source=gmail&amp;q=https:\/\/ww%3C0%3Ew.google.com\/url?sa=E%26source=%3C1%3Egmail%26q=https:\/\/ec.europa.eu\/consumers\/odr\/&amp;authuser=1\" target=\"_blank\" rel=\"noopener\">https:\/\/ec.europa.eu\/consumers\/odr\/<\/a><\/p>\n<p data-sourcepos=\"32:1-32:143\">Wir sind zur Teilnahme an einem Streitbeilegungsverfahren<span class=\"citation-0\"> vor einer Verbraucherschlichtungsstelle<\/span><span class=\"citation-0 citation-1\"> weder verpflichtet noch bereit.<\/span><\/p>\n<p data-sourcepos=\"34:1-34:24\"><strong><span class=\"citation-0 citation-1\">Haftung f\u00fcr Inhalte:<\/span><\/strong><\/p>\n<p data-sourcepos=\"36:1-36:229\"><span class=\"citation-0 citation-1\">Wir bem\u00fchen uns, die Inhalte unserer Website aktuell und korrekt zu halten. Trotz sorgf\u00e4ltiger Bearbeitung \u00fcbernehmen wir keine Gew\u00e4hr f\u00fcr die Richtigkeit, Vollst\u00e4ndigkeit und Ak<\/span><span class=\"citation-0 citation-1 citation-2\">tualit\u00e4t der bereitgestellten Informationen.<\/span><\/p>\n<p data-sourcepos=\"38:1-38:22\"><strong><span class=\"citation-0 citation-1 citation-2\">Haftung f\u00fcr Links:<\/span><\/strong><\/p>\n<p data-sourcepos=\"40:1-40:242\"><span class=\"citation-0 citation-1 citation-2\">Un<\/span><span class=\"citation-0 citation-1 citation-2 citation-3 citation-end-2\">sere Website enth\u00e4lt Links zu externen Websites Dritter,<\/span><span class=\"citation-0 citation-1 citation-3 citation-end-3\"> auf deren Inhalte wir keinen Einfluss haben. F\u00fcr die Inhalte der verlinkten Seiten ist stets der jeweilige Anbieter<\/span><span class=\"citation-0 citation-1\"> oder Betreiber <\/span><span class=\"citation-0 citation-1 citation-4\">der Seiten verantwortlich.<\/span><span class=\"button-container hide-from-message-actions ng-star-inserted\"> \u00a0<\/span><\/p>\n<p data-sourcepos=\"42:1-42:23\"><strong><span class=\"citation-0 citation-1 citation-4\">Urheberrech<\/span><span class=\"citation-0 citation-1 citation-4 citation-5\">t:<\/span><\/strong><\/p>\n<p data-sourcepos=\"44:1-44:288\"><span class=\"citation-0 citation-1 citation-4 citation-5 citation-end-4\">Die Inhalte und Werke auf dieser Website unterliegen dem deutschen Urheberrecht. Die Vervielf\u00e4ltigung, Bearbeitung,<\/span><span class=\"citation-0 citation-1 citation-5 citation-end-5\"> Verbreitung und jede Art der Verwertung au\u00dferhalb der Grenzen des Urheberrechtes bed\u00fcrfen der schriftlichen Zustimmung<\/span><span class=\"citation-0 citation-1\"> des jeweiligen Autors bzw. Erstellers.<\/span><span class=\"button-container hide-from-message-actions ng-star-inserted\">\u00a0<\/span><\/p>\n<div class=\"container ng-tns-c2428928543-420 hide\">\n<div class=\"carousel-container ng-tns-c2428928543-420\">\n<div class=\"carousel-content ng-tns-c2428928543-420\">\n<div class=\"sources-carousel-source ng-tns-c2428928543-420 ng-star-inserted hide\" data-test-id=\"sources-carousel-source\"><\/div>\n<div class=\"sources-carousel-source ng-tns-c2428928543-420 ng-star-inserted hide\" data-test-id=\"sources-carousel-source\">\n<p data-sourcepos=\"3:1-3:16\"><strong>Bildquellen:<\/strong><\/p>\n<ul data-sourcepos=\"5:1-11:0\">\n<li data-sourcepos=\"5:1-5:23\">Fotos von Rosa De Paz<\/li>\n<li data-sourcepos=\"6:1-6:11\">Canva Pro<\/li>\n<li data-sourcepos=\"7:1-7:20\">Microsoft Designer<\/li>\n<li data-sourcepos=\"8:1-8:8\">Gemini<\/li>\n<li data-sourcepos=\"9:1-11:0\">Storyblocks<\/li>\n<\/ul>\n<\/div>\n<\/div>\n<\/div>\n<\/div>\n<p data-sourcepos=\"46:1-46:16\">\n","protected":false},"excerpt":{"rendered":"<p>Impressum Lima Sprachschule Inhaber: Frank Mielsch Anschrift: Am Brunnen 11 85551 Kirchheim bei M\u00fcnchen Kontakt: Telefon: +49 1590 1954130 E-Mail: info@lima-sprachschule.de Umsatzsteuer-Identifikationsnummer (USt-IdNr.): 145\/211\/01459 Verantwortlich&#8230;<\/p>\n","protected":false},"author":1,"featured_media":0,"parent":0,"menu_order":0,"comment_status":"closed","ping_status":"closed","template":"","meta":{"footnotes":""},"class_list":["post-6821","page","type-page","status-publish","hentry"],"yoast_head":"<!-- This site is optimized with the Yoast SEO plugin v27.2 - https:\/\/yoast.com\/product\/yoast-seo-wordpress\/ -->\n<title>Impressum - Lima Sprachschule<\/title>\n<meta name=\"robots\" content=\"index, follow, max-snippet:-1, max-image-preview:large, max-video-preview:-1\" \/>\n<link rel=\"canonical\" href=\"https:\/\/lima-sprachschule.de\/es\/impressum-lima-sprachschule\/\" \/>\n<meta property=\"og:locale\" content=\"es_ES\" \/>\n<meta property=\"og:type\" content=\"article\" \/>\n<meta property=\"og:title\" content=\"Impressum - Lima Sprachschule\" \/>\n<meta property=\"og:description\" content=\"Impressum Lima Sprachschule Inhaber: Frank Mielsch Anschrift: Am Brunnen 11 85551 Kirchheim bei M\u00fcnchen Kontakt: Telefon: +49 1590 1954130 E-Mail: info@lima-sprachschule.de Umsatzsteuer-Identifikationsnummer (USt-IdNr.): 145\/211\/01459 Verantwortlich...\" \/>\n<meta property=\"og:url\" content=\"https:\/\/lima-sprachschule.de\/es\/impressum-lima-sprachschule\/\" \/>\n<meta property=\"og:site_name\" content=\"Lima Sprachschule\" \/>\n<meta property=\"article:publisher\" content=\"https:\/\/www.facebook.com\/LimaSprachschuleinMuenchen\" \/>\n<meta property=\"article:modified_time\" content=\"2025-03-06T22:37:18+00:00\" \/>\n<meta name=\"twitter:card\" content=\"summary_large_image\" \/>\n<meta name=\"twitter:site\" content=\"@LimaSprachen\" \/>\n<meta name=\"twitter:label1\" content=\"Tiempo de lectura\" \/>\n\t<meta name=\"twitter:data1\" content=\"1 minuto\" \/>\n<script type=\"application\/ld+json\" class=\"yoast-schema-graph\">{\"@context\":\"https:\/\/schema.org\",\"@graph\":[{\"@type\":\"WebPage\",\"@id\":\"https:\/\/lima-sprachschule.de\/es\/impressum-lima-sprachschule\/\",\"url\":\"https:\/\/lima-sprachschule.de\/es\/impressum-lima-sprachschule\/\",\"name\":\"Impressum - Lima Sprachschule\",\"isPartOf\":{\"@id\":\"https:\/\/lima-sprachschule.de\/es\/#website\"},\"datePublished\":\"2025-02-06T11:05:02+00:00\",\"dateModified\":\"2025-03-06T22:37:18+00:00\",\"breadcrumb\":{\"@id\":\"https:\/\/lima-sprachschule.de\/es\/impressum-lima-sprachschule\/#breadcrumb\"},\"inLanguage\":\"es\",\"potentialAction\":[{\"@type\":\"ReadAction\",\"target\":[\"https:\/\/lima-sprachschule.de\/es\/impressum-lima-sprachschule\/\"]}]},{\"@type\":\"BreadcrumbList\",\"@id\":\"https:\/\/lima-sprachschule.de\/es\/impressum-lima-sprachschule\/#breadcrumb\",\"itemListElement\":[{\"@type\":\"ListItem\",\"position\":1,\"name\":\"Inicio\",\"item\":\"https:\/\/lima-sprachschule.de\/es\/\"},{\"@type\":\"ListItem\",\"position\":2,\"name\":\"Impressum\"}]},{\"@type\":\"WebSite\",\"@id\":\"https:\/\/lima-sprachschule.de\/es\/#website\",\"url\":\"https:\/\/lima-sprachschule.de\/es\/\",\"name\":\"Lima Sprachschule\",\"description\":\"\u00a1Aprender idiomas puede ser f\u00e1cil!\",\"publisher\":{\"@id\":\"https:\/\/lima-sprachschule.de\/es\/#organization\"},\"potentialAction\":[{\"@type\":\"SearchAction\",\"target\":{\"@type\":\"EntryPoint\",\"urlTemplate\":\"https:\/\/lima-sprachschule.de\/es\/?s={search_term_string}\"},\"query-input\":{\"@type\":\"PropertyValueSpecification\",\"valueRequired\":true,\"valueName\":\"search_term_string\"}}],\"inLanguage\":\"es\"},{\"@type\":\"Organization\",\"@id\":\"https:\/\/lima-sprachschule.de\/es\/#organization\",\"name\":\"Lima Sprachschule\",\"alternateName\":\"LS\",\"url\":\"https:\/\/lima-sprachschule.de\/es\/\",\"logo\":{\"@type\":\"ImageObject\",\"inLanguage\":\"es\",\"@id\":\"https:\/\/lima-sprachschule.de\/es\/#\/schema\/logo\/image\/\",\"url\":\"https:\/\/lima-sprachschule.de\/wp-content\/uploads\/2025\/02\/logo-color-300px.png\",\"contentUrl\":\"https:\/\/lima-sprachschule.de\/wp-content\/uploads\/2025\/02\/logo-color-300px.png\",\"width\":300,\"height\":234,\"caption\":\"Lima Sprachschule\"},\"image\":{\"@id\":\"https:\/\/lima-sprachschule.de\/es\/#\/schema\/logo\/image\/\"},\"sameAs\":[\"https:\/\/www.facebook.com\/LimaSprachschuleinMuenchen\",\"https:\/\/x.com\/LimaSprachen\",\"https:\/\/www.instagram.com\/limasprachschule\/\",\"https:\/\/www.youtube.com\/channel\/UCGtyhoDdjW70De5B1Urlz2g\",\"https:\/\/t.me\/LimaSprachschuleLS\",\"https:\/\/www.youtube.com\/@limasprachschule8844\"]}]}<\/script>\n<!-- \/ Yoast SEO plugin. -->","yoast_head_json":{"title":"Impressum - Lima Sprachschule","robots":{"index":"index","follow":"follow","max-snippet":"max-snippet:-1","max-image-preview":"max-image-preview:large","max-video-preview":"max-video-preview:-1"},"canonical":"https:\/\/lima-sprachschule.de\/es\/impressum-lima-sprachschule\/","og_locale":"es_ES","og_type":"article","og_title":"Impressum - Lima Sprachschule","og_description":"Impressum Lima Sprachschule Inhaber: Frank Mielsch Anschrift: Am Brunnen 11 85551 Kirchheim bei M\u00fcnchen Kontakt: Telefon: +49 1590 1954130 E-Mail: info@lima-sprachschule.de Umsatzsteuer-Identifikationsnummer (USt-IdNr.): 145\/211\/01459 Verantwortlich...","og_url":"https:\/\/lima-sprachschule.de\/es\/impressum-lima-sprachschule\/","og_site_name":"Lima Sprachschule","article_publisher":"https:\/\/www.facebook.com\/LimaSprachschuleinMuenchen","article_modified_time":"2025-03-06T22:37:18+00:00","twitter_card":"summary_large_image","twitter_site":"@LimaSprachen","twitter_misc":{"Tiempo de lectura":"1 minuto"},"schema":{"@context":"https:\/\/schema.org","@graph":[{"@type":"WebPage","@id":"https:\/\/lima-sprachschule.de\/es\/impressum-lima-sprachschule\/","url":"https:\/\/lima-sprachschule.de\/es\/impressum-lima-sprachschule\/","name":"Impressum - Lima Sprachschule","isPartOf":{"@id":"https:\/\/lima-sprachschule.de\/es\/#website"},"datePublished":"2025-02-06T11:05:02+00:00","dateModified":"2025-03-06T22:37:18+00:00","breadcrumb":{"@id":"https:\/\/lima-sprachschule.de\/es\/impressum-lima-sprachschule\/#breadcrumb"},"inLanguage":"es","potentialAction":[{"@type":"ReadAction","target":["https:\/\/lima-sprachschule.de\/es\/impressum-lima-sprachschule\/"]}]},{"@type":"BreadcrumbList","@id":"https:\/\/lima-sprachschule.de\/es\/impressum-lima-sprachschule\/#breadcrumb","itemListElement":[{"@type":"ListItem","position":1,"name":"Inicio","item":"https:\/\/lima-sprachschule.de\/es\/"},{"@type":"ListItem","position":2,"name":"Impressum"}]},{"@type":"WebSite","@id":"https:\/\/lima-sprachschule.de\/es\/#website","url":"https:\/\/lima-sprachschule.de\/es\/","name":"Lima Sprachschule","description":"\u00a1Aprender idiomas puede ser f\u00e1cil!","publisher":{"@id":"https:\/\/lima-sprachschule.de\/es\/#organization"},"potentialAction":[{"@type":"SearchAction","target":{"@type":"EntryPoint","urlTemplate":"https:\/\/lima-sprachschule.de\/es\/?s={search_term_string}"},"query-input":{"@type":"PropertyValueSpecification","valueRequired":true,"valueName":"search_term_string"}}],"inLanguage":"es"},{"@type":"Organization","@id":"https:\/\/lima-sprachschule.de\/es\/#organization","name":"Lima Sprachschule","alternateName":"LS","url":"https:\/\/lima-sprachschule.de\/es\/","logo":{"@type":"ImageObject","inLanguage":"es","@id":"https:\/\/lima-sprachschule.de\/es\/#\/schema\/logo\/image\/","url":"https:\/\/lima-sprachschule.de\/wp-content\/uploads\/2025\/02\/logo-color-300px.png","contentUrl":"https:\/\/lima-sprachschule.de\/wp-content\/uploads\/2025\/02\/logo-color-300px.png","width":300,"height":234,"caption":"Lima Sprachschule"},"image":{"@id":"https:\/\/lima-sprachschule.de\/es\/#\/schema\/logo\/image\/"},"sameAs":["https:\/\/www.facebook.com\/LimaSprachschuleinMuenchen","https:\/\/x.com\/LimaSprachen","https:\/\/www.instagram.com\/limasprachschule\/","https:\/\/www.youtube.com\/channel\/UCGtyhoDdjW70De5B1Urlz2g","https:\/\/t.me\/LimaSprachschuleLS","https:\/\/www.youtube.com\/@limasprachschule8844"]}]}},"_links":{"self":[{"href":"https:\/\/lima-sprachschule.de\/es\/wp-json\/wp\/v2\/pages\/6821","targetHints":{"allow":["GET"]}}],"collection":[{"href":"https:\/\/lima-sprachschule.de\/es\/wp-json\/wp\/v2\/pages"}],"about":[{"href":"https:\/\/lima-sprachschule.de\/es\/wp-json\/wp\/v2\/types\/page"}],"author":[{"embeddable":true,"href":"https:\/\/lima-sprachschule.de\/es\/wp-json\/wp\/v2\/users\/1"}],"replies":[{"embeddable":true,"href":"https:\/\/lima-sprachschule.de\/es\/wp-json\/wp\/v2\/comments?post=6821"}],"version-history":[{"count":1,"href":"https:\/\/lima-sprachschule.de\/es\/wp-json\/wp\/v2\/pages\/6821\/revisions"}],"predecessor-version":[{"id":6907,"href":"https:\/\/lima-sprachschule.de\/es\/wp-json\/wp\/v2\/pages\/6821\/revisions\/6907"}],"wp:attachment":[{"href":"https:\/\/lima-sprachschule.de\/es\/wp-json\/wp\/v2\/media?parent=6821"}],"curies":[{"name":"wp","href":"https:\/\/api.w.org\/{rel}","templated":true}]}}