{"id":11471,"date":"2025-03-06T09:25:44","date_gmt":"2025-03-06T08:25:44","guid":{"rendered":"https:\/\/lima-sprachschule.de\/cookie-richtlinie\/"},"modified":"2025-03-06T09:25:44","modified_gmt":"2025-03-06T08:25:44","slug":"cookie-richtlinie","status":"publish","type":"page","link":"https:\/\/lima-sprachschule.de\/it\/cookie-richtlinie\/","title":{"rendered":"Cookie-Richtlinie"},"content":{"rendered":"\t\t<div data-elementor-type=\"wp-page\" data-elementor-id=\"11471\" class=\"elementor elementor-11471 elementor-5418\">\n\t\t\t\t<div class=\"elementor-element elementor-element-11f3f6f e-flex e-con-boxed e-con e-parent\" data-id=\"11f3f6f\" data-element_type=\"container\" data-e-type=\"container\">\n\t\t\t\t\t<div class=\"e-con-inner\">\n\t\t\t\t<div class=\"elementor-element elementor-element-30983b0 elementor-widget elementor-widget-text-editor\" data-id=\"30983b0\" data-element_type=\"widget\" data-e-type=\"widget\" data-widget_type=\"text-editor.default\">\n\t\t\t\t<div class=\"elementor-widget-container\">\n\t\t\t\t\t\t\t\t\t<p>Diese Webseite verwendet Borlabs Cookie, das ein technisch notwendiges Cookie (borlabs-cookie) setzt, um Ihre Cookie-Einstellungen zu speichern. Borlabs Cookie erhebt keine personenbezogenen Daten. \u00a0<\/p><p>Das Cookie borlabs-cookie speichert die Einwilligung, die Sie beim Betreten der Webseite gegeben haben. Wenn Sie diese Einwilligungen widerrufen m\u00f6chten, l\u00f6schen Sie einfach das Cookie in Ihrem Browser. Wenn Sie die Webseite erneut aufrufen\/neu laden, werden Sie erneut nach Ihrer Cookie-Einwilligung gefragt.<\/p><p>Arten von Cookies, die wir verwenden<\/p><p>Essenzielle Cookies: Diese Cookies sind f\u00fcr die ordnungsgem\u00e4\u00dfe Funktion der Webseite unerl\u00e4sslich. Sie erm\u00f6glichen grundlegende Funktionen wie die Seitennavigation und den Zugriff auf sichere Bereiche der Webseite. Ohne diese Cookies w\u00fcrde die Webseite nicht richtig funktionieren. Borlabs Cookie setzt ein essentielles Cookie, um Ihre Cookie-Einstellungen zu speichern.<br \/>Performance-Cookies: Wir verwenden Google Analytics, um Informationen dar\u00fcber zu sammeln, wie Nutzer unsere Webseite verwenden. Google Analytics verwendet Cookies, um diese Informationen anonym zu sammeln. Die durch den Cookie erzeugten Informationen \u00fcber Ihre Benutzung dieser Webseite (einschlie\u00dflich Ihrer IP-Adresse) werden an einen Server von Google in den USA \u00fcbertragen und dort gespeichert. Google wird diese Informationen benutzen, um Ihre Nutzung der Webseite auszuwerten, um Reports \u00fcber die Webseitenaktivit\u00e4ten f\u00fcr die Webseitenbetreiber zusammenzustellen und um weitere mit der Webseitennutzung und der Internetnutzung verbundene Dienstleistungen zu erbringen. Auch wird Google diese Informationen gegebenenfalls an Dritte \u00fcbertragen, sofern dies gesetzlich vorgeschrieben ist oder soweit Dritte diese Daten im Auftrag von Google verarbeiten. Google wird in keinem Fall Ihre IP-Adresse mit anderen Daten von Google in Verbindung bringen. Sie k\u00f6nnen Google Analytics mittels eines Browser-Add-ons deaktivieren, wenn Sie die Webseitenanalyse nicht w\u00fcnschen. Das Browser-Add-on k\u00f6nnen Sie hier herunterladen: https:\/\/tools.google.com\/dlpage\/gaoptout?hl=de \u00a0<br \/>Verwaltung von Cookies<\/p><p>Borlabs Cookie erm\u00f6glicht es Ihnen, verschiedene Arten von Cookies zu akzeptieren oder abzulehnen. Sie k\u00f6nnen Ihre Cookie-Einstellungen jederzeit \u00e4ndern, indem Sie auf den Link \u201eCookie-Richtlinie\u201c in der Fu\u00dfzeile unserer Webseite klicken.<\/p><p>Weitere Informationen<\/p><p>Weitere Informationen dar\u00fcber, wie Borlabs Cookie Ihre Daten verarbeitet, finden Sie in der Datenschutzerkl\u00e4rung von Borlabs Cookie<\/p><p>Weitere Informationen dar\u00fcber, wie Google Analytics Ihre Daten verarbeitet, finden Sie in der Datenschutzerkl\u00e4rung von Google: https:\/\/policies.google.com\/privacy?hl=de \u00a0<\/p><p>Kontakt<\/p><p>Wenn Sie Fragen zu unserer Cookie-Richtlinie haben, kontaktieren Sie uns bitte \u00fcber info@lima-sprachschule.de.<\/p><p>Letzte Aktualisierung: 31. Dezember 2024<\/p>\t\t\t\t\t\t\t\t<\/div>\n\t\t\t\t<\/div>\n\t\t\t\t\t<\/div>\n\t\t\t\t<\/div>\n\t\t\t\t<\/div>\n\t\t","protected":false},"excerpt":{"rendered":"<p>Diese Webseite verwendet Borlabs Cookie, das ein technisch notwendiges Cookie (borlabs-cookie) setzt, um Ihre Cookie-Einstellungen zu speichern. Borlabs Cookie erhebt keine personenbezogenen Daten. \u00a0 Das&#8230;<\/p>\n","protected":false},"author":1,"featured_media":0,"parent":0,"menu_order":0,"comment_status":"closed","ping_status":"closed","template":"","meta":{"footnotes":""},"class_list":["post-11471","page","type-page","status-publish","hentry"],"yoast_head":"<!-- This site is optimized with the Yoast SEO plugin v27.2 - https:\/\/yoast.com\/product\/yoast-seo-wordpress\/ -->\n<title>Cookie-Richtlinie - Lima Sprachschule<\/title>\n<meta name=\"robots\" content=\"index, follow, max-snippet:-1, max-image-preview:large, max-video-preview:-1\" \/>\n<link rel=\"canonical\" href=\"https:\/\/lima-sprachschule.de\/it\/cookie-richtlinie\/\" \/>\n<meta property=\"og:locale\" content=\"it_IT\" \/>\n<meta property=\"og:type\" content=\"article\" \/>\n<meta property=\"og:title\" content=\"Cookie-Richtlinie - Lima Sprachschule\" \/>\n<meta property=\"og:description\" content=\"Diese Webseite verwendet Borlabs Cookie, das ein technisch notwendiges Cookie (borlabs-cookie) setzt, um Ihre Cookie-Einstellungen zu speichern. Borlabs Cookie erhebt keine personenbezogenen Daten. \u00a0 Das...\" \/>\n<meta property=\"og:url\" content=\"https:\/\/lima-sprachschule.de\/it\/cookie-richtlinie\/\" \/>\n<meta property=\"og:site_name\" content=\"Lima Sprachschule\" \/>\n<meta property=\"article:publisher\" content=\"https:\/\/www.facebook.com\/LimaSprachschuleinMuenchen\" \/>\n<meta name=\"twitter:card\" content=\"summary_large_image\" \/>\n<meta name=\"twitter:site\" content=\"@LimaSprachen\" \/>\n<meta name=\"twitter:label1\" content=\"Tempo di lettura stimato\" \/>\n\t<meta name=\"twitter:data1\" content=\"2 minuti\" \/>\n<script type=\"application\/ld+json\" class=\"yoast-schema-graph\">{\"@context\":\"https:\/\/schema.org\",\"@graph\":[{\"@type\":\"WebPage\",\"@id\":\"https:\/\/lima-sprachschule.de\/it\/cookie-richtlinie\/\",\"url\":\"https:\/\/lima-sprachschule.de\/it\/cookie-richtlinie\/\",\"name\":\"Cookie-Richtlinie - Lima Sprachschule\",\"isPartOf\":{\"@id\":\"https:\/\/lima-sprachschule.de\/it\/#website\"},\"datePublished\":\"2025-03-06T08:25:44+00:00\",\"breadcrumb\":{\"@id\":\"https:\/\/lima-sprachschule.de\/it\/cookie-richtlinie\/#breadcrumb\"},\"inLanguage\":\"it-IT\",\"potentialAction\":[{\"@type\":\"ReadAction\",\"target\":[\"https:\/\/lima-sprachschule.de\/it\/cookie-richtlinie\/\"]}]},{\"@type\":\"BreadcrumbList\",\"@id\":\"https:\/\/lima-sprachschule.de\/it\/cookie-richtlinie\/#breadcrumb\",\"itemListElement\":[{\"@type\":\"ListItem\",\"position\":1,\"name\":\"Startseite\",\"item\":\"https:\/\/lima-sprachschule.de\/it\/\"},{\"@type\":\"ListItem\",\"position\":2,\"name\":\"Cookie-Richtlinie\"}]},{\"@type\":\"WebSite\",\"@id\":\"https:\/\/lima-sprachschule.de\/it\/#website\",\"url\":\"https:\/\/lima-sprachschule.de\/it\/\",\"name\":\"Lima Sprachschule\",\"description\":\"Sprachen lernen kann einfach sein!\",\"publisher\":{\"@id\":\"https:\/\/lima-sprachschule.de\/it\/#organization\"},\"potentialAction\":[{\"@type\":\"SearchAction\",\"target\":{\"@type\":\"EntryPoint\",\"urlTemplate\":\"https:\/\/lima-sprachschule.de\/it\/?s={search_term_string}\"},\"query-input\":{\"@type\":\"PropertyValueSpecification\",\"valueRequired\":true,\"valueName\":\"search_term_string\"}}],\"inLanguage\":\"it-IT\"},{\"@type\":\"Organization\",\"@id\":\"https:\/\/lima-sprachschule.de\/it\/#organization\",\"name\":\"Lima Sprachschule\",\"alternateName\":\"LS\",\"url\":\"https:\/\/lima-sprachschule.de\/it\/\",\"logo\":{\"@type\":\"ImageObject\",\"inLanguage\":\"it-IT\",\"@id\":\"https:\/\/lima-sprachschule.de\/it\/#\/schema\/logo\/image\/\",\"url\":\"https:\/\/lima-sprachschule.de\/wp-content\/uploads\/2025\/02\/logo-color-300px.png\",\"contentUrl\":\"https:\/\/lima-sprachschule.de\/wp-content\/uploads\/2025\/02\/logo-color-300px.png\",\"width\":300,\"height\":234,\"caption\":\"Lima Sprachschule\"},\"image\":{\"@id\":\"https:\/\/lima-sprachschule.de\/it\/#\/schema\/logo\/image\/\"},\"sameAs\":[\"https:\/\/www.facebook.com\/LimaSprachschuleinMuenchen\",\"https:\/\/x.com\/LimaSprachen\",\"https:\/\/www.instagram.com\/limasprachschule\/\",\"https:\/\/www.youtube.com\/channel\/UCGtyhoDdjW70De5B1Urlz2g\",\"https:\/\/t.me\/LimaSprachschuleLS\",\"https:\/\/www.youtube.com\/@limasprachschule8844\"]}]}<\/script>\n<!-- \/ Yoast SEO plugin. -->","yoast_head_json":{"title":"Cookie-Richtlinie - Lima Sprachschule","robots":{"index":"index","follow":"follow","max-snippet":"max-snippet:-1","max-image-preview":"max-image-preview:large","max-video-preview":"max-video-preview:-1"},"canonical":"https:\/\/lima-sprachschule.de\/it\/cookie-richtlinie\/","og_locale":"it_IT","og_type":"article","og_title":"Cookie-Richtlinie - Lima Sprachschule","og_description":"Diese Webseite verwendet Borlabs Cookie, das ein technisch notwendiges Cookie (borlabs-cookie) setzt, um Ihre Cookie-Einstellungen zu speichern. Borlabs Cookie erhebt keine personenbezogenen Daten. \u00a0 Das...","og_url":"https:\/\/lima-sprachschule.de\/it\/cookie-richtlinie\/","og_site_name":"Lima Sprachschule","article_publisher":"https:\/\/www.facebook.com\/LimaSprachschuleinMuenchen","twitter_card":"summary_large_image","twitter_site":"@LimaSprachen","twitter_misc":{"Tempo di lettura stimato":"2 minuti"},"schema":{"@context":"https:\/\/schema.org","@graph":[{"@type":"WebPage","@id":"https:\/\/lima-sprachschule.de\/it\/cookie-richtlinie\/","url":"https:\/\/lima-sprachschule.de\/it\/cookie-richtlinie\/","name":"Cookie-Richtlinie - Lima Sprachschule","isPartOf":{"@id":"https:\/\/lima-sprachschule.de\/it\/#website"},"datePublished":"2025-03-06T08:25:44+00:00","breadcrumb":{"@id":"https:\/\/lima-sprachschule.de\/it\/cookie-richtlinie\/#breadcrumb"},"inLanguage":"it-IT","potentialAction":[{"@type":"ReadAction","target":["https:\/\/lima-sprachschule.de\/it\/cookie-richtlinie\/"]}]},{"@type":"BreadcrumbList","@id":"https:\/\/lima-sprachschule.de\/it\/cookie-richtlinie\/#breadcrumb","itemListElement":[{"@type":"ListItem","position":1,"name":"Startseite","item":"https:\/\/lima-sprachschule.de\/it\/"},{"@type":"ListItem","position":2,"name":"Cookie-Richtlinie"}]},{"@type":"WebSite","@id":"https:\/\/lima-sprachschule.de\/it\/#website","url":"https:\/\/lima-sprachschule.de\/it\/","name":"Lima Sprachschule","description":"Sprachen lernen kann einfach sein!","publisher":{"@id":"https:\/\/lima-sprachschule.de\/it\/#organization"},"potentialAction":[{"@type":"SearchAction","target":{"@type":"EntryPoint","urlTemplate":"https:\/\/lima-sprachschule.de\/it\/?s={search_term_string}"},"query-input":{"@type":"PropertyValueSpecification","valueRequired":true,"valueName":"search_term_string"}}],"inLanguage":"it-IT"},{"@type":"Organization","@id":"https:\/\/lima-sprachschule.de\/it\/#organization","name":"Lima Sprachschule","alternateName":"LS","url":"https:\/\/lima-sprachschule.de\/it\/","logo":{"@type":"ImageObject","inLanguage":"it-IT","@id":"https:\/\/lima-sprachschule.de\/it\/#\/schema\/logo\/image\/","url":"https:\/\/lima-sprachschule.de\/wp-content\/uploads\/2025\/02\/logo-color-300px.png","contentUrl":"https:\/\/lima-sprachschule.de\/wp-content\/uploads\/2025\/02\/logo-color-300px.png","width":300,"height":234,"caption":"Lima Sprachschule"},"image":{"@id":"https:\/\/lima-sprachschule.de\/it\/#\/schema\/logo\/image\/"},"sameAs":["https:\/\/www.facebook.com\/LimaSprachschuleinMuenchen","https:\/\/x.com\/LimaSprachen","https:\/\/www.instagram.com\/limasprachschule\/","https:\/\/www.youtube.com\/channel\/UCGtyhoDdjW70De5B1Urlz2g","https:\/\/t.me\/LimaSprachschuleLS","https:\/\/www.youtube.com\/@limasprachschule8844"]}]}},"_links":{"self":[{"href":"https:\/\/lima-sprachschule.de\/it\/wp-json\/wp\/v2\/pages\/11471","targetHints":{"allow":["GET"]}}],"collection":[{"href":"https:\/\/lima-sprachschule.de\/it\/wp-json\/wp\/v2\/pages"}],"about":[{"href":"https:\/\/lima-sprachschule.de\/it\/wp-json\/wp\/v2\/types\/page"}],"author":[{"embeddable":true,"href":"https:\/\/lima-sprachschule.de\/it\/wp-json\/wp\/v2\/users\/1"}],"replies":[{"embeddable":true,"href":"https:\/\/lima-sprachschule.de\/it\/wp-json\/wp\/v2\/comments?post=11471"}],"version-history":[{"count":0,"href":"https:\/\/lima-sprachschule.de\/it\/wp-json\/wp\/v2\/pages\/11471\/revisions"}],"wp:attachment":[{"href":"https:\/\/lima-sprachschule.de\/it\/wp-json\/wp\/v2\/media?parent=11471"}],"curies":[{"name":"wp","href":"https:\/\/api.w.org\/{rel}","templated":true}]}}